{"id":24,"date":"2015-12-01T19:33:29","date_gmt":"2015-12-01T19:33:29","guid":{"rendered":"http:\/\/ffw-dannewerk.de\/?page_id=24"},"modified":"2026-03-23T20:49:26","modified_gmt":"2026-03-23T19:49:26","slug":"unsere-wehr","status":"publish","type":"page","link":"http:\/\/ffw-dannewerk.de\/","title":{"rendered":"Unsere Wehr"},"content":{"rendered":"\n<p>Herzlich Willkommen auf der Homepage der Freiwilligen Feuerwehr Dannewerk von 1890!<\/p>\n\n\n\n<p>Wir stellen seit dem 21. Juni 1890 den Brandschutz und die technische Hilfeleistung in der Gemeinde Dannewerk sicher. Zur Zeit sind wir 44 aktive Feuerwehrkameradinnen und -kameraden. Unsere Ehrenabteilung umfasst 15 Mitglieder. In der Jugendabteilung bilden wir 8 Nachwuchsfeuerwehrleute aus. Finanzielle Unterst\u00fctzung erhalten wir durch unsere 54 F\u00f6rderer der Wehr.<\/p>\n\n\n\n<p>Auf den weiteren Seiten informieren wir \u00fcber unsere Eins\u00e4tze, unsere Aufgaben und wichtige Termine sowie \u00fcber unser Engagement in der Gemeinde Dannewerk.<\/p>\n\n\n\n<p>F\u00fcr weitere Informationen zur Freiwilligen Feuerwehr Dannewerk kontaktieren Sie uns gerne: an den Dienstabenden laut Dienstplan oder \u00fcber unseren Wehrf\u00fchrer <a href=\"http:\/\/ffw-dannewerk.de\/?page_id=273\">Tim Holst<\/a>.<\/p>\n\n\n\n<p>Viel Freude beim St\u00f6bern!<\/p>\n\n\n\n<figure class=\"wp-block-image size-large\"><a href=\"http:\/\/ffw-dannewerk.de\/wp-content\/uploads\/2023\/07\/Gesamte-Wehr_klein-scaled.jpg\"><img loading=\"lazy\" decoding=\"async\" width=\"1024\" height=\"683\" src=\"http:\/\/ffw-dannewerk.de\/wp-content\/uploads\/2023\/07\/Gesamte-Wehr_klein-1024x683.jpg\" alt=\"\" class=\"wp-image-1085\" srcset=\"http:\/\/ffw-dannewerk.de\/wp-content\/uploads\/2023\/07\/Gesamte-Wehr_klein-1024x683.jpg 1024w, http:\/\/ffw-dannewerk.de\/wp-content\/uploads\/2023\/07\/Gesamte-Wehr_klein-300x200.jpg 300w, http:\/\/ffw-dannewerk.de\/wp-content\/uploads\/2023\/07\/Gesamte-Wehr_klein-768x512.jpg 768w, http:\/\/ffw-dannewerk.de\/wp-content\/uploads\/2023\/07\/Gesamte-Wehr_klein-1536x1024.jpg 1536w, http:\/\/ffw-dannewerk.de\/wp-content\/uploads\/2023\/07\/Gesamte-Wehr_klein-2048x1365.jpg 2048w\" sizes=\"auto, (max-width: 1024px) 100vw, 1024px\" \/><\/a><figcaption class=\"wp-element-caption\">Freiwillige Feuerwehr Dannewerk, 2023<\/figcaption><\/figure>\n\n\n\n<p><\/p>\n","protected":false},"excerpt":{"rendered":"<p>Herzlich Willkommen auf der Homepage der Freiwilligen Feuerwehr Dannewerk von 1890! Wir stellen seit dem 21. Juni 1890 den Brandschutz und die technische Hilfeleistung in der Gemeinde Dannewerk sicher. Zur Zeit sind wir 44 aktive Feuerwehrkameradinnen und -kameraden. Unsere Ehrenabteilung umfasst 15 Mitglieder. In der Jugendabteilung bilden wir 8 Nachwuchsfeuerwehrleute aus. Finanzielle Unterst\u00fctzung erhalten wir durch unsere 54 F\u00f6rderer der Wehr. Auf den weiteren Seiten informieren wir \u00fcber unsere Eins\u00e4tze, unsere Aufgaben und wichtige Termine sowie \u00fcber unser Engagement in<\/p>\n","protected":false},"author":2,"featured_media":0,"parent":0,"menu_order":0,"comment_status":"closed","ping_status":"closed","template":"","meta":{"footnotes":""},"class_list":["post-24","page","type-page","status-publish","hentry"],"_links":{"self":[{"href":"http:\/\/ffw-dannewerk.de\/index.php?rest_route=\/wp\/v2\/pages\/24","targetHints":{"allow":["GET"]}}],"collection":[{"href":"http:\/\/ffw-dannewerk.de\/index.php?rest_route=\/wp\/v2\/pages"}],"about":[{"href":"http:\/\/ffw-dannewerk.de\/index.php?rest_route=\/wp\/v2\/types\/page"}],"author":[{"embeddable":true,"href":"http:\/\/ffw-dannewerk.de\/index.php?rest_route=\/wp\/v2\/users\/2"}],"replies":[{"embeddable":true,"href":"http:\/\/ffw-dannewerk.de\/index.php?rest_route=%2Fwp%2Fv2%2Fcomments&post=24"}],"version-history":[{"count":31,"href":"http:\/\/ffw-dannewerk.de\/index.php?rest_route=\/wp\/v2\/pages\/24\/revisions"}],"predecessor-version":[{"id":1460,"href":"http:\/\/ffw-dannewerk.de\/index.php?rest_route=\/wp\/v2\/pages\/24\/revisions\/1460"}],"wp:attachment":[{"href":"http:\/\/ffw-dannewerk.de\/index.php?rest_route=%2Fwp%2Fv2%2Fmedia&parent=24"}],"curies":[{"name":"wp","href":"https:\/\/api.w.org\/{rel}","templated":true}]}}